{"id":30173,"date":"2025-11-19T14:07:51","date_gmt":"2025-11-19T12:07:51","guid":{"rendered":"https:\/\/ortungsgerate.de\/?post_type=product&#038;p=30173"},"modified":"2025-11-26T19:01:36","modified_gmt":"2025-11-26T17:01:36","slug":"4g-mini-kamera-s-pir-sensorom-mozhet-rabotat-do-20-dney","status":"publish","type":"product","link":"https:\/\/www.ortungsgerate.de\/ru\/12-skrytyje-kamery\/17-zamaskirovanyje-kamery\/4g-mini-kamera-s-pir-sensorom-mozhet-rabotat-do-20-dney\/","title":{"rendered":"4G \u043c\u0438\u043d\u0438-\u043a\u0430\u043c\u0435\u0440\u0430 \u0441 PIR-\u0441\u0435\u043d\u0441\u043e\u0440\u043e\u043c \u043c\u043e\u0436\u0435\u0442 \u0440\u0430\u0431\u043e\u0442\u0430\u0442\u044c \u0434\u043e 20 \u0434\u043d\u0435\u0439"},"content":{"rendered":"<h3>\u0422\u0435\u0445\u043d\u0438\u0447\u0435\u0441\u043a\u0438\u0435<strong>\u00a0\u043f\u0430\u0440\u0430\u043c\u0435\u0442\u0440\u044b:<\/strong><\/h3>\n<ul>\n<li>\u0414\u0438\u0441\u0442\u0430\u043d\u0446\u0438\u043e\u043d\u043d\u043e\u0435 \u043d\u0430\u0431\u043b\u044e\u0434\u0435\u043d\u0438\u0435: \u0414\u0410<\/li>\n<li>\u0414\u043b\u0438\u043d\u0430 \u043a\u0430\u0431\u0435\u043b\u044f \u043a\u0430\u043c\u0435\u0440\u044b 10 \u0441\u043c<\/li>\n<li>\u041d\u0430\u0441\u0442\u0440\u043e\u0439\u043a\u0430 \u043a\u0430\u043c\u0435\u0440\u044b \u0437\u0430\u043d\u0438\u043c\u0430\u0435\u0442 2 \u043c\u0438\u043d\u0443\u0442\u044b<\/li>\n<li>\u0417\u0430\u043f\u0438\u0441\u044c \u0438\u0437\u043e\u0431\u0440\u0430\u0436\u0435\u043d\u0438\u044f \u0441\u043e \u0437\u0432\u0443\u043a\u043e\u043c<\/li>\n<li>\u0420\u0430\u0437\u0440\u0435\u0448\u0435\u043d\u0438\u0435 \u0432\u0438\u0434\u0435\u043e: FULL HD (H.264+)<\/li>\n<li>\u0412\u0440\u0435\u043c\u044f \u0440\u0430\u0431\u043e\u0442\u044b \u0430\u043a\u043a\u0443\u043c\u0443\u043b\u044f\u0442\u043e\u0440\u0430 +- 5 \u0447\u0430\u0441\u043e\u0432<\/li>\n<li>\u041e\u0431\u043d\u0430\u0440\u0443\u0436\u0435\u043d\u0438\u0435 \u0434\u0432\u0438\u0436\u0435\u043d\u0438\u044f \u0441 PIR-\u0441\u0435\u043d\u0441\u043e\u0440\u043e\u043c \u0434\u043e 20 \u0434\u043d\u0435\u0439<\/li>\n<li><b>\u0418\u043d\u0442\u0435\u043b\u043b\u0435\u043a\u0442\u0443\u0430\u043b\u044c\u043d\u043e\u0435 \u043e\u0431\u043d\u0430\u0440\u0443\u0436\u0435\u043d\u0438\u0435 \u0434\u0432\u0438\u0436\u0435\u043d\u0438\u044f:<\/b> \u0412\u0441\u0442\u0440\u043e\u0435\u043d\u043d\u044b\u0439 PIR-\u0441\u0435\u043d\u0441\u043e\u0440 \u0440\u0435\u0430\u0433\u0438\u0440\u0443\u0435\u0442 \u043d\u0430 \u0442\u0435\u043f\u043b\u043e \u0442\u0435\u043b\u0430, \u0442\u0430\u043a \u0447\u0442\u043e \u0444\u0438\u043a\u0441\u0438\u0440\u0443\u044e\u0442\u0441\u044f \u0442\u043e\u043b\u044c\u043a\u043e \u0440\u0435\u0430\u043b\u044c\u043d\u044b\u0435 \u0438\u043d\u0446\u0438\u0434\u0435\u043d\u0442\u044b, \u044d\u043a\u043e\u043d\u043e\u043c\u044f \u0431\u0430\u0442\u0430\u0440\u0435\u044e \u0438 \u043f\u0430\u043c\u044f\u0442\u044c.<\/li>\n<li>\u0412\u043e\u0437\u043c\u043e\u0436\u043d\u043e\u0441\u0442\u044c \u043f\u043e\u0434\u043a\u043b\u044e\u0447\u0435\u043d\u0438\u044f \u043a \u044d\u043b\u0435\u043a\u0442\u0440\u043e\u0441\u0435\u0442\u0438<\/li>\n<li>\u041d\u043e\u0447\u043d\u043e\u0435 \u0432\u0438\u0434\u0435\u043d\u0438\u0435<\/li>\n<li>\u0421\u0435\u0442\u044c: GSM 4g<\/li>\n<li>\u041d\u043e\u0447\u043d\u043e\u0435 \u0432\u0438\u0434\u0435\u043d\u0438\u0435<\/li>\n<li>\u041a\u0430\u0447\u0435\u0441\u0442\u0432\u043e \u0438\u0437\u043e\u0431\u0440\u0430\u0436\u0435\u043d\u0438\u044f: \u043f\u0440\u0435\u0434\u043f\u0440\u043e\u0441\u043c\u043e\u0442\u0440: 2mp Full HD<\/li>\n<li>\u0418\u0437\u043e\u0431\u0440\u0430\u0436\u0435\u043d\u0438\u044f \u043c\u043e\u0436\u043d\u043e \u043f\u0440\u043e\u0441\u043c\u0430\u0442\u0440\u0438\u0432\u0430\u0442\u044c: \u0441 \u0442\u0435\u043b\u0435\u0444\u043e\u043d\u0430, \u043a\u043e\u043c\u043f\u044c\u044e\u0442\u0435\u0440\u0430 \u0438 \u043f\u043b\u0430\u043d\u0448\u0435\u0442\u0430<\/li>\n<li>\u0423\u0432\u0435\u0434\u043e\u043c\u043b\u0435\u043d\u0438\u044f \u043d\u0430 \u0442\u0435\u043b\u0435\u0444\u043e\u043d: \u0414\u0430<\/li>\n<li>\u0421\u043b\u043e\u0442 \u0434\u043b\u044f SIM-\u043a\u0430\u0440\u0442\u044b: \u0414\u0430<\/li>\n<li>\u0424\u0443\u043d\u043a\u0446\u0438\u044f \u043d\u043e\u0447\u043d\u043e\u0439 \u0441\u044a\u0435\u043c\u043a\u0438: \u0414\u0430<\/li>\n<li>\u0420\u0435\u0436\u0438\u043c \u043e\u0431\u043d\u0430\u0440\u0443\u0436\u0435\u043d\u0438\u044f \u0434\u0432\u0438\u0436\u0435\u043d\u0438\u044f: \u0414\u0410 (\u0446\u0438\u0444\u0440\u043e\u0432\u043e\u0439)<\/li>\n<li>\u0423\u0433\u043e\u043b \u043e\u0431\u0437\u043e\u0440\u0430: 120 \u00b0<\/li>\n<li>MicroSD \u0434\u043e 256 \u0413\u0411 (1 \u0413\u0411 \u2248 2 \u0447 \u0437\u0430\u043f\u0438\u0441\u0438)<\/li>\n<li>\u0424\u043e\u0440\u043c\u0430\u0442 \u0441\u0436\u0430\u0442\u0438\u044f: AVI H.265<\/li>\n<li>\u041f\u043e\u0434\u0434\u0435\u0440\u0436\u0438\u0432\u0430\u0435\u043c\u044b\u0435 \u0441\u0438\u0441\u0442\u0435\u043c\u044b: \u201eiOS\u201c \u201eAndroid\u201c<\/li>\n<li>\u041f\u0440\u0438\u043b\u043e\u0436\u0435\u043d\u0438\u0435 \u0434\u043b\u044f \u043c\u043e\u0431\u0438\u043b\u044c\u043d\u044b\u0445 \u0443\u0441\u0442\u0440\u043e\u0439\u0441\u0442\u0432: \u0414\u0430<\/li>\n<li>\u0412\u0441\u0442\u0440\u043e\u0435\u043d\u043d\u044b\u0439 \u0430\u043a\u043a\u0443\u043c\u0443\u043b\u044f\u0442\u043e\u0440: 2800 \u043c\u0410\u0447<\/li>\n<li>\u0412\u0438\u0434\u044b \u043f\u0438\u0442\u0430\u043d\u0438\u044f: \u0432\u043d\u0443\u0442\u0440\u0435\u043d\u043d\u0438\u0439 \u0430\u043a\u043a\u0443\u043c\u0443\u043b\u044f\u0442\u043e\u0440 \u0438\u043b\u0438 \u043e\u0442 \u0441\u0435\u0442\u0438<\/li>\n<li>\u0423\u043f\u0440\u0430\u0432\u043b\u0435\u043d\u0438\u0435 \u0437\u0430\u043f\u0438\u0441\u044c\u044e: \u0441 \u043b\u044e\u0431\u043e\u0433\u043e \u0443\u043c\u043d\u043e\u0433\u043e \u0443\u0441\u0442\u0440\u043e\u0439\u0441\u0442\u0432\u0430 (\u0442\u0435\u043b\u0435\u0444\u043e\u043d, \u043a\u043e\u043c\u043f\u044c\u044e\u0442\u0435\u0440 \u0438\u043b\u0438 \u043f\u043b\u0430\u043d\u0448\u0435\u0442).<\/li>\n<li>\u0413\u0430\u0440\u0430\u043d\u0442\u0438\u044f 12 \u043c\u0435\u0441\u044f\u0446\u0435\u0432<\/li>\n<\/ul>\n<p>&nbsp;<\/p>","protected":false},"excerpt":{"rendered":"<p>Technische\u00a0Parameter: Fern\u00fcberwachung: JA L\u00e4nge des Kamerakabels 10cm Die Konfiguration der Kamera dauert 2 Minuten Bildaufnahme mit Ton Videoaufl\u00f6sung: FULL HD (H.264+) Akku-Laufzeit +- 5 Stunden&#8230;<\/p>","protected":false},"featured_media":30175,"template":"","meta":[],"etheme_brands":[],"product_brand":[],"product_cat":[219,204,203,205],"product_tag":[687,694,689,688,690,691,693],"class_list":{"0":"post-30173","1":"product","2":"type-product","3":"status-publish","4":"has-post-thumbnail","6":"product_cat-30-4g-kameras","7":"product_cat-17-getarnte-kameras","8":"product_cat-12-versteckte-kameras","9":"product_cat-27-wlan-minikameras","10":"product_tag-kamera-zur-ueberwachung","11":"product_tag-schnappschusskamera","12":"product_tag-sicherheitskamera","13":"product_tag-tarnkappen-kamera","14":"product_tag-versteckte-kamera","15":"product_tag-versteckte-ueberwachungskamera","16":"product_tag-wlan-kamera","17":"pa_typ-mini-kameras","19":"first","20":"instock","21":"taxable","22":"shipping-taxable","23":"purchasable","24":"product-type-simple"},"yoast_head":"<!-- This site is optimized with the Yoast SEO Premium plugin v25.9 (Yoast SEO v27.4) - https:\/\/yoast.com\/product\/yoast-seo-premium-wordpress\/ -->\n<title>4G Mini-Kamera Modul leicht zu verstecken mit Nachtsicht<\/title>\n<meta name=\"description\" content=\"4G versteckte Mini-Kamera, leicht zwischen Gegenst\u00e4nden zu verstecken, kann in verschiedene Objekte eingebaut werden. Hohe Videoqualit\u00e4t, einfache Bedienung. Kostenloser Versand\" \/>\n<meta name=\"robots\" content=\"index, follow, max-snippet:-1, max-image-preview:large, max-video-preview:-1\" \/>\n<link rel=\"canonical\" href=\"https:\/\/www.ortungsgerate.de\/ru\/12-skrytyje-kamery\/30-4g-kamery-2\/4g-mini-kamera-s-pir-sensorom-mozhet-rabotat-do-20-dney\/\" \/>\n<meta property=\"og:locale\" content=\"ru_RU\" \/>\n<meta property=\"og:type\" content=\"article\" \/>\n<meta property=\"og:title\" content=\"4G Mini-Kamera mit PIR-Sensor kann bis zu 20 Tage arbeiten\" \/>\n<meta property=\"og:description\" content=\"4G versteckte Mini-Kamera, leicht zwischen Gegenst\u00e4nden zu verstecken, kann in verschiedene Objekte eingebaut werden. Hohe Videoqualit\u00e4t, einfache Bedienung. Kostenloser Versand\" \/>\n<meta property=\"og:url\" content=\"https:\/\/www.ortungsgerate.de\/ru\/12-skrytyje-kamery\/30-4g-kamery-2\/4g-mini-kamera-s-pir-sensorom-mozhet-rabotat-do-20-dney\/\" \/>\n<meta property=\"og:site_name\" content=\"Ortungsger\u00e4te.de\" \/>\n<meta property=\"article:modified_time\" content=\"2025-11-26T17:01:36+00:00\" \/>\n<meta property=\"og:image\" content=\"https:\/\/www.ortungsgerate.de\/wp-content\/uploads\/slaptos-kameros-su-sik-kortele-4g.jpeg\" \/>\n\t<meta property=\"og:image:width\" content=\"1192\" \/>\n\t<meta property=\"og:image:height\" content=\"1176\" \/>\n\t<meta property=\"og:image:type\" content=\"image\/jpeg\" \/>\n<meta name=\"twitter:card\" content=\"summary_large_image\" \/>\n<meta name=\"twitter:label1\" content=\"\u041f\u0440\u0438\u043c\u0435\u0440\u043d\u043e\u0435 \u0432\u0440\u0435\u043c\u044f \u0434\u043b\u044f \u0447\u0442\u0435\u043d\u0438\u044f\" \/>\n\t<meta name=\"twitter:data1\" content=\"2 \u043c\u0438\u043d\u0443\u0442\u044b\" \/>\n<script type=\"application\/ld+json\" class=\"yoast-schema-graph\">{\"@context\":\"https:\\\/\\\/schema.org\",\"@graph\":[{\"@type\":\"WebPage\",\"@id\":\"https:\\\/\\\/www.ortungsgerate.de\\\/12-versteckte-kameras\\\/30-4g-kameras\\\/4g-mini-kamera-mit-pir-sensor-kann-bis-zu-20-tage-arbeiten\\\/\",\"url\":\"https:\\\/\\\/www.ortungsgerate.de\\\/12-versteckte-kameras\\\/30-4g-kameras\\\/4g-mini-kamera-mit-pir-sensor-kann-bis-zu-20-tage-arbeiten\\\/\",\"name\":\"4G Mini-Kamera Modul leicht zu verstecken mit Nachtsicht\",\"isPartOf\":{\"@id\":\"https:\\\/\\\/www.ortungsgerate.de\\\/#website\"},\"primaryImageOfPage\":{\"@id\":\"https:\\\/\\\/www.ortungsgerate.de\\\/12-versteckte-kameras\\\/30-4g-kameras\\\/4g-mini-kamera-mit-pir-sensor-kann-bis-zu-20-tage-arbeiten\\\/#primaryimage\"},\"image\":{\"@id\":\"https:\\\/\\\/www.ortungsgerate.de\\\/12-versteckte-kameras\\\/30-4g-kameras\\\/4g-mini-kamera-mit-pir-sensor-kann-bis-zu-20-tage-arbeiten\\\/#primaryimage\"},\"thumbnailUrl\":\"https:\\\/\\\/www.ortungsgerate.de\\\/wp-content\\\/uploads\\\/slaptos-kameros-su-sik-kortele-4g.jpeg\",\"datePublished\":\"2025-11-19T12:07:51+00:00\",\"dateModified\":\"2025-11-26T17:01:36+00:00\",\"description\":\"4G versteckte Mini-Kamera, leicht zwischen Gegenst\u00e4nden zu verstecken, kann in verschiedene Objekte eingebaut werden. Hohe Videoqualit\u00e4t, einfache Bedienung. Kostenloser Versand\",\"breadcrumb\":{\"@id\":\"https:\\\/\\\/www.ortungsgerate.de\\\/12-versteckte-kameras\\\/30-4g-kameras\\\/4g-mini-kamera-mit-pir-sensor-kann-bis-zu-20-tage-arbeiten\\\/#breadcrumb\"},\"inLanguage\":\"ru-RU\",\"potentialAction\":[{\"@type\":\"ReadAction\",\"target\":[\"https:\\\/\\\/www.ortungsgerate.de\\\/12-versteckte-kameras\\\/30-4g-kameras\\\/4g-mini-kamera-mit-pir-sensor-kann-bis-zu-20-tage-arbeiten\\\/\"]}]},{\"@type\":\"ImageObject\",\"inLanguage\":\"ru-RU\",\"@id\":\"https:\\\/\\\/www.ortungsgerate.de\\\/12-versteckte-kameras\\\/30-4g-kameras\\\/4g-mini-kamera-mit-pir-sensor-kann-bis-zu-20-tage-arbeiten\\\/#primaryimage\",\"url\":\"https:\\\/\\\/www.ortungsgerate.de\\\/wp-content\\\/uploads\\\/slaptos-kameros-su-sik-kortele-4g.jpeg\",\"contentUrl\":\"https:\\\/\\\/www.ortungsgerate.de\\\/wp-content\\\/uploads\\\/slaptos-kameros-su-sik-kortele-4g.jpeg\",\"width\":1192,\"height\":1176,\"caption\":\"Versteckte Kameras mit 4G-SIM-Karte\"},{\"@type\":\"BreadcrumbList\",\"@id\":\"https:\\\/\\\/www.ortungsgerate.de\\\/12-versteckte-kameras\\\/30-4g-kameras\\\/4g-mini-kamera-mit-pir-sensor-kann-bis-zu-20-tage-arbeiten\\\/#breadcrumb\",\"itemListElement\":[{\"@type\":\"ListItem\",\"position\":1,\"name\":\"Startseite\",\"item\":\"https:\\\/\\\/www.ortungsgerate.de\\\/\"},{\"@type\":\"ListItem\",\"position\":2,\"name\":\"Shop\",\"item\":\"https:\\\/\\\/www.ortungsgerate.de\\\/shop\\\/\"},{\"@type\":\"ListItem\",\"position\":3,\"name\":\"4G Mini-Kamera mit PIR-Sensor kann bis zu 20 Tage arbeiten\"}]},{\"@type\":\"WebSite\",\"@id\":\"https:\\\/\\\/www.ortungsgerate.de\\\/#website\",\"url\":\"https:\\\/\\\/www.ortungsgerate.de\\\/\",\"name\":\"Ortungsgerate.de\",\"description\":\"\",\"publisher\":{\"@id\":\"https:\\\/\\\/www.ortungsgerate.de\\\/#organization\"},\"potentialAction\":[{\"@type\":\"SearchAction\",\"target\":{\"@type\":\"EntryPoint\",\"urlTemplate\":\"https:\\\/\\\/www.ortungsgerate.de\\\/?s={search_term_string}\"},\"query-input\":{\"@type\":\"PropertyValueSpecification\",\"valueRequired\":true,\"valueName\":\"search_term_string\"}}],\"inLanguage\":\"ru-RU\"},{\"@type\":\"Organization\",\"@id\":\"https:\\\/\\\/www.ortungsgerate.de\\\/#organization\",\"name\":\"Ortungsgerate.de\",\"url\":\"https:\\\/\\\/www.ortungsgerate.de\\\/\",\"logo\":{\"@type\":\"ImageObject\",\"inLanguage\":\"ru-RU\",\"@id\":\"https:\\\/\\\/www.ortungsgerate.de\\\/#\\\/schema\\\/logo\\\/image\\\/\",\"url\":\"https:\\\/\\\/www.ortungsgerate.de\\\/wp-content\\\/uploads\\\/ortungsgerate.png\",\"contentUrl\":\"https:\\\/\\\/www.ortungsgerate.de\\\/wp-content\\\/uploads\\\/ortungsgerate.png\",\"width\":500,\"height\":135,\"caption\":\"Ortungsgerate.de\"},\"image\":{\"@id\":\"https:\\\/\\\/www.ortungsgerate.de\\\/#\\\/schema\\\/logo\\\/image\\\/\"}}]}<\/script>\n<!-- \/ Yoast SEO Premium plugin. -->","yoast_head_json":{"title":"4G Mini-Kamera Modul leicht zu verstecken mit Nachtsicht","description":"4G versteckte Mini-Kamera, leicht zwischen Gegenst\u00e4nden zu verstecken, kann in verschiedene Objekte eingebaut werden. Hohe Videoqualit\u00e4t, einfache Bedienung. Kostenloser Versand","robots":{"index":"index","follow":"follow","max-snippet":"max-snippet:-1","max-image-preview":"max-image-preview:large","max-video-preview":"max-video-preview:-1"},"canonical":"https:\/\/www.ortungsgerate.de\/ru\/12-skrytyje-kamery\/30-4g-kamery-2\/4g-mini-kamera-s-pir-sensorom-mozhet-rabotat-do-20-dney\/","og_locale":"ru_RU","og_type":"article","og_title":"4G Mini-Kamera mit PIR-Sensor kann bis zu 20 Tage arbeiten","og_description":"4G versteckte Mini-Kamera, leicht zwischen Gegenst\u00e4nden zu verstecken, kann in verschiedene Objekte eingebaut werden. Hohe Videoqualit\u00e4t, einfache Bedienung. Kostenloser Versand","og_url":"https:\/\/www.ortungsgerate.de\/ru\/12-skrytyje-kamery\/30-4g-kamery-2\/4g-mini-kamera-s-pir-sensorom-mozhet-rabotat-do-20-dney\/","og_site_name":"Ortungsger\u00e4te.de","article_modified_time":"2025-11-26T17:01:36+00:00","og_image":[{"width":1192,"height":1176,"url":"https:\/\/www.ortungsgerate.de\/wp-content\/uploads\/slaptos-kameros-su-sik-kortele-4g.jpeg","type":"image\/jpeg"}],"twitter_card":"summary_large_image","twitter_misc":{"\u041f\u0440\u0438\u043c\u0435\u0440\u043d\u043e\u0435 \u0432\u0440\u0435\u043c\u044f \u0434\u043b\u044f \u0447\u0442\u0435\u043d\u0438\u044f":"2 \u043c\u0438\u043d\u0443\u0442\u044b"},"schema":{"@context":"https:\/\/schema.org","@graph":[{"@type":"WebPage","@id":"https:\/\/www.ortungsgerate.de\/12-versteckte-kameras\/30-4g-kameras\/4g-mini-kamera-mit-pir-sensor-kann-bis-zu-20-tage-arbeiten\/","url":"https:\/\/www.ortungsgerate.de\/12-versteckte-kameras\/30-4g-kameras\/4g-mini-kamera-mit-pir-sensor-kann-bis-zu-20-tage-arbeiten\/","name":"4G Mini-Kamera Modul leicht zu verstecken mit Nachtsicht","isPartOf":{"@id":"https:\/\/www.ortungsgerate.de\/#website"},"primaryImageOfPage":{"@id":"https:\/\/www.ortungsgerate.de\/12-versteckte-kameras\/30-4g-kameras\/4g-mini-kamera-mit-pir-sensor-kann-bis-zu-20-tage-arbeiten\/#primaryimage"},"image":{"@id":"https:\/\/www.ortungsgerate.de\/12-versteckte-kameras\/30-4g-kameras\/4g-mini-kamera-mit-pir-sensor-kann-bis-zu-20-tage-arbeiten\/#primaryimage"},"thumbnailUrl":"https:\/\/www.ortungsgerate.de\/wp-content\/uploads\/slaptos-kameros-su-sik-kortele-4g.jpeg","datePublished":"2025-11-19T12:07:51+00:00","dateModified":"2025-11-26T17:01:36+00:00","description":"4G versteckte Mini-Kamera, leicht zwischen Gegenst\u00e4nden zu verstecken, kann in verschiedene Objekte eingebaut werden. Hohe Videoqualit\u00e4t, einfache Bedienung. Kostenloser Versand","breadcrumb":{"@id":"https:\/\/www.ortungsgerate.de\/12-versteckte-kameras\/30-4g-kameras\/4g-mini-kamera-mit-pir-sensor-kann-bis-zu-20-tage-arbeiten\/#breadcrumb"},"inLanguage":"ru-RU","potentialAction":[{"@type":"ReadAction","target":["https:\/\/www.ortungsgerate.de\/12-versteckte-kameras\/30-4g-kameras\/4g-mini-kamera-mit-pir-sensor-kann-bis-zu-20-tage-arbeiten\/"]}]},{"@type":"ImageObject","inLanguage":"ru-RU","@id":"https:\/\/www.ortungsgerate.de\/12-versteckte-kameras\/30-4g-kameras\/4g-mini-kamera-mit-pir-sensor-kann-bis-zu-20-tage-arbeiten\/#primaryimage","url":"https:\/\/www.ortungsgerate.de\/wp-content\/uploads\/slaptos-kameros-su-sik-kortele-4g.jpeg","contentUrl":"https:\/\/www.ortungsgerate.de\/wp-content\/uploads\/slaptos-kameros-su-sik-kortele-4g.jpeg","width":1192,"height":1176,"caption":"Versteckte Kameras mit 4G-SIM-Karte"},{"@type":"BreadcrumbList","@id":"https:\/\/www.ortungsgerate.de\/12-versteckte-kameras\/30-4g-kameras\/4g-mini-kamera-mit-pir-sensor-kann-bis-zu-20-tage-arbeiten\/#breadcrumb","itemListElement":[{"@type":"ListItem","position":1,"name":"Startseite","item":"https:\/\/www.ortungsgerate.de\/"},{"@type":"ListItem","position":2,"name":"Shop","item":"https:\/\/www.ortungsgerate.de\/shop\/"},{"@type":"ListItem","position":3,"name":"4G Mini-Kamera mit PIR-Sensor kann bis zu 20 Tage arbeiten"}]},{"@type":"WebSite","@id":"https:\/\/www.ortungsgerate.de\/#website","url":"https:\/\/www.ortungsgerate.de\/","name":"Ortungsgerate.de","description":"","publisher":{"@id":"https:\/\/www.ortungsgerate.de\/#organization"},"potentialAction":[{"@type":"SearchAction","target":{"@type":"EntryPoint","urlTemplate":"https:\/\/www.ortungsgerate.de\/?s={search_term_string}"},"query-input":{"@type":"PropertyValueSpecification","valueRequired":true,"valueName":"search_term_string"}}],"inLanguage":"ru-RU"},{"@type":"Organization","@id":"https:\/\/www.ortungsgerate.de\/#organization","name":"Ortungsgerate.de","url":"https:\/\/www.ortungsgerate.de\/","logo":{"@type":"ImageObject","inLanguage":"ru-RU","@id":"https:\/\/www.ortungsgerate.de\/#\/schema\/logo\/image\/","url":"https:\/\/www.ortungsgerate.de\/wp-content\/uploads\/ortungsgerate.png","contentUrl":"https:\/\/www.ortungsgerate.de\/wp-content\/uploads\/ortungsgerate.png","width":500,"height":135,"caption":"Ortungsgerate.de"},"image":{"@id":"https:\/\/www.ortungsgerate.de\/#\/schema\/logo\/image\/"}}]}},"_links":{"self":[{"href":"https:\/\/www.ortungsgerate.de\/ru\/wp-json\/wp\/v2\/product\/30173","targetHints":{"allow":["GET"]}}],"collection":[{"href":"https:\/\/www.ortungsgerate.de\/ru\/wp-json\/wp\/v2\/product"}],"about":[{"href":"https:\/\/www.ortungsgerate.de\/ru\/wp-json\/wp\/v2\/types\/product"}],"version-history":[{"count":0,"href":"https:\/\/www.ortungsgerate.de\/ru\/wp-json\/wp\/v2\/product\/30173\/revisions"}],"wp:featuredmedia":[{"embeddable":true,"href":"https:\/\/www.ortungsgerate.de\/ru\/wp-json\/wp\/v2\/media\/30175"}],"wp:attachment":[{"href":"https:\/\/www.ortungsgerate.de\/ru\/wp-json\/wp\/v2\/media?parent=30173"}],"wp:term":[{"taxonomy":"brand","embeddable":true,"href":"https:\/\/www.ortungsgerate.de\/ru\/wp-json\/wp\/v2\/etheme_brands?post=30173"},{"taxonomy":"product_brand","embeddable":true,"href":"https:\/\/www.ortungsgerate.de\/ru\/wp-json\/wp\/v2\/product_brand?post=30173"},{"taxonomy":"product_cat","embeddable":true,"href":"https:\/\/www.ortungsgerate.de\/ru\/wp-json\/wp\/v2\/product_cat?post=30173"},{"taxonomy":"product_tag","embeddable":true,"href":"https:\/\/www.ortungsgerate.de\/ru\/wp-json\/wp\/v2\/product_tag?post=30173"}],"curies":[{"name":"wp","href":"https:\/\/api.w.org\/{rel}","templated":true}]}}